{"id":647,"date":"2021-12-30T22:19:20","date_gmt":"2021-12-30T19:19:20","guid":{"rendered":"https:\/\/maygrafikbodrum.com\/uput100k\/"},"modified":"2026-03-02T11:49:19","modified_gmt":"2026-03-02T08:49:19","slug":"100k","status":"publish","type":"page","link":"https:\/\/uludagultra.com\/en\/100k\/","title":{"rendered":"100K"},"content":{"rendered":"<div id='full_slider_1'  class='avia-fullwidth-slider main_color avia-shadow   avia-builder-el-0  el_before_av_one_full  avia-builder-el-first   container_wrap sidebar_right'  ><div  class='avia-slideshow av-lv0hj7fu-88ee161a02bbc52a58a73c328be14757 avia-slideshow-featured av_slideshow_full avia-slide-slider av-slideshow-ui av-control-default av-slideshow-manual av-loop-once av-loop-manual-endless av-default-height-applied   avia-slideshow-1' data-slideshow-options=\"{&quot;animation&quot;:&quot;slide&quot;,&quot;autoplay&quot;:false,&quot;loop_autoplay&quot;:&quot;once&quot;,&quot;interval&quot;:5,&quot;loop_manual&quot;:&quot;manual-endless&quot;,&quot;autoplay_stopper&quot;:false,&quot;noNavigation&quot;:false,&quot;bg_slider&quot;:false,&quot;keep_padding&quot;:false,&quot;hoverpause&quot;:false,&quot;show_slide_delay&quot;:0}\"  itemprop=\"image\" itemscope=\"itemscope\" itemtype=\"https:\/\/schema.org\/ImageObject\" ><ul class='avia-slideshow-inner ' style='padding-bottom: 20%;'><li  class='avia-slideshow-slide av-lv0hj7fu-88ee161a02bbc52a58a73c328be14757__0  av-single-slide slide-1 slide-odd'><div data-rel='slideshow-1' class='avia-slide-wrap '   ><img decoding=\"async\" class=\"wp-image-3063 avia-img-lazy-loading-not-3063\"  src=\"https:\/\/uludagultra.com\/wp-content\/uploads\/2024\/12\/UPUT25_Slider_1500x300.jpg\" width=\"1500\" height=\"300\" title='UPUT25_Slider_1500x300' alt=''  itemprop=\"thumbnailUrl\" srcset=\"https:\/\/uludagultra.com\/wp-content\/uploads\/2024\/12\/UPUT25_Slider_1500x300.jpg 1500w, https:\/\/uludagultra.com\/wp-content\/uploads\/2024\/12\/UPUT25_Slider_1500x300-300x60.jpg 300w, https:\/\/uludagultra.com\/wp-content\/uploads\/2024\/12\/UPUT25_Slider_1500x300-1030x206.jpg 1030w, https:\/\/uludagultra.com\/wp-content\/uploads\/2024\/12\/UPUT25_Slider_1500x300-768x154.jpg 768w, https:\/\/uludagultra.com\/wp-content\/uploads\/2024\/12\/UPUT25_Slider_1500x300-705x141.jpg 705w\" sizes=\"(max-width: 1500px) 100vw, 1500px\" \/><\/div><\/li><\/ul><\/div><\/div><div id='after_full_slider_1'  class='main_color av_default_container_wrap container_wrap sidebar_right'  ><div class='container av-section-cont-open' ><div class='template-page content  av-content-small alpha units'><div class='post-entry post-entry-type-page post-entry-647'><div class='entry-content-wrapper clearfix'>\n\n<style type=\"text\/css\" data-created_by=\"avia_inline_auto\" id=\"style-css-av-u19u-a212e1f07149038347b3b662d36fef63\">\n.flex_column.av-u19u-a212e1f07149038347b3b662d36fef63{\n-webkit-border-radius:0px 0px 0px 0px;\n-moz-border-radius:0px 0px 0px 0px;\nborder-radius:0px 0px 0px 0px;\npadding:0px 0px 0px 0px;\n}\n<\/style>\n<div  class='flex_column av-u19u-a212e1f07149038347b3b662d36fef63 av_one_full  avia-builder-el-1  el_after_av_slideshow_full  el_before_av_one_third  avia-builder-el-first  first flex_column_div av-zero-column-padding  '     ><p><br \/>\n\n<style type=\"text\/css\" data-created_by=\"avia_inline_auto\" id=\"style-css-av-kxhcbnhc-c04cf4797440de3dccc4d8114a594024\">\n.avia-image-container.av-kxhcbnhc-c04cf4797440de3dccc4d8114a594024 img.avia_image{\nbox-shadow:none;\n}\n.avia-image-container.av-kxhcbnhc-c04cf4797440de3dccc4d8114a594024 .av-image-caption-overlay-center{\ncolor:#ffffff;\n}\n<\/style>\n<div  class='avia-image-container av-kxhcbnhc-c04cf4797440de3dccc4d8114a594024 av-styling- avia-align-center  avia-builder-el-3  el_after_av_codeblock  avia-builder-el-last '   itemprop=\"image\" itemscope=\"itemscope\" itemtype=\"https:\/\/schema.org\/ImageObject\" ><div class=\"avia-image-container-inner\"><div class=\"avia-image-overlay-wrap\"><img decoding=\"async\" class='wp-image-2137 avia-img-lazy-loading-not-2137 avia_image ' src=\"https:\/\/uludagultra.com\/wp-content\/uploads\/2023\/12\/Parkurlar-2024-100K-R.jpg\" alt='' title='Parkurlar-2024-100K-R'  height=\"749\" width=\"1400\"  itemprop=\"thumbnailUrl\" srcset=\"https:\/\/uludagultra.com\/wp-content\/uploads\/2023\/12\/Parkurlar-2024-100K-R.jpg 1400w, https:\/\/uludagultra.com\/wp-content\/uploads\/2023\/12\/Parkurlar-2024-100K-R-300x161.jpg 300w, https:\/\/uludagultra.com\/wp-content\/uploads\/2023\/12\/Parkurlar-2024-100K-R-1030x551.jpg 1030w, https:\/\/uludagultra.com\/wp-content\/uploads\/2023\/12\/Parkurlar-2024-100K-R-768x411.jpg 768w, https:\/\/uludagultra.com\/wp-content\/uploads\/2023\/12\/Parkurlar-2024-100K-R-705x377.jpg 705w\" sizes=\"(max-width: 1400px) 100vw, 1400px\" \/><\/div><\/div><\/div><\/p><\/div>\n<div class='flex_column_table av-3ubce-eb04321b49722394ae0962d8859a1d15 sc-av_one_third av-equal-height-column-flextable'>\n<style type=\"text\/css\" data-created_by=\"avia_inline_auto\" id=\"style-css-av-3ubce-eb04321b49722394ae0962d8859a1d15\">\n.flex_column.av-3ubce-eb04321b49722394ae0962d8859a1d15{\n-webkit-border-radius:0px 0px 0px 0px;\n-moz-border-radius:0px 0px 0px 0px;\nborder-radius:0px 0px 0px 0px;\npadding:20px 20px 20px 20px;\nbackground-color:#0059a3;\n}\n<\/style>\n<div  class='flex_column av-3ubce-eb04321b49722394ae0962d8859a1d15 av_one_third  avia-builder-el-4  el_after_av_one_full  el_before_av_one_third  first no_margin flex_column_table_cell av-equal-height-column av-align-middle  column-top-margin'     ><div  class='avia-button-wrap av-373p2-769565c2c5676a3f06b9d127577451c2-wrap avia-button-center  avia-builder-el-5  avia-builder-el-no-sibling '><a href='https:\/\/uludagultra.com\/Route2025\/UPUT100K.kml' class='avia-button av-373p2-769565c2c5676a3f06b9d127577451c2 avia-icon_select-yes-left-icon avia-size-large avia-position-center avia-color-light' target=\"_blank\" rel=\"noopener noreferrer\"><span class='avia_button_icon avia_button_icon_left' aria-hidden='true' data-av_icon='\ue82d' data-av_iconfont='entypo-fontello'><\/span><span class='avia_iconbox_title' >DOWNLOAD KML FILE<\/span><\/a><\/div><\/div>\n\n<style type=\"text\/css\" data-created_by=\"avia_inline_auto\" id=\"style-css-av-2wv0u-0813639e21067e68fa8b7ef4e24ee492\">\n.flex_column.av-2wv0u-0813639e21067e68fa8b7ef4e24ee492{\n-webkit-border-radius:0px 0px 0px 0px;\n-moz-border-radius:0px 0px 0px 0px;\nborder-radius:0px 0px 0px 0px;\npadding:20px 20px 20px 20px;\nbackground-color:#003784;\n}\n<\/style>\n<div  class='flex_column av-2wv0u-0813639e21067e68fa8b7ef4e24ee492 av_one_third  avia-builder-el-6  el_after_av_one_third  el_before_av_one_third  no_margin flex_column_table_cell av-equal-height-column av-align-middle  column-top-margin'     ><div  class='avia-button-wrap av-1x0z6-928dcd2e4aacc908edc8a89dbf5eb8b5-wrap avia-button-center  avia-builder-el-7  avia-builder-el-no-sibling '><a href='https:\/\/uludagultra.com\/Route2025\/UPUT100K.gpx' class='avia-button av-1x0z6-928dcd2e4aacc908edc8a89dbf5eb8b5 avia-icon_select-yes-left-icon avia-size-large avia-position-center avia-color-light' target=\"_blank\" rel=\"noopener noreferrer\"><span class='avia_button_icon avia_button_icon_left' aria-hidden='true' data-av_icon='\ue82d' data-av_iconfont='entypo-fontello'><\/span><span class='avia_iconbox_title' >DOWNLOAD GPX FILE<\/span><\/a><\/div><\/div>\n\n<style type=\"text\/css\" data-created_by=\"avia_inline_auto\" id=\"style-css-av-1ri4u-6af0de6310ddab8ed739a8b5f5e05d84\">\n.flex_column.av-1ri4u-6af0de6310ddab8ed739a8b5f5e05d84{\n-webkit-border-radius:0px 0px 0px 0px;\n-moz-border-radius:0px 0px 0px 0px;\nborder-radius:0px 0px 0px 0px;\npadding:20px 20px 20px 20px;\nbackground-color:#0059a3;\n}\n<\/style>\n<div  class='flex_column av-1ri4u-6af0de6310ddab8ed739a8b5f5e05d84 av_one_third  avia-builder-el-8  el_after_av_one_third  el_before_av_one_full  no_margin flex_column_table_cell av-equal-height-column av-align-middle  column-top-margin'     ><div  class='avia-button-wrap av-xabq-88aa87d0e80b1624eef1d46960e794cb-wrap avia-button-center  avia-builder-el-9  avia-builder-el-no-sibling '><a href='https:\/\/uludagultra.com\/Route2025\/UPUT100K.kmz'  class='avia-button av-xabq-88aa87d0e80b1624eef1d46960e794cb avia-icon_select-yes-left-icon avia-size-large avia-position-center avia-color-light'  ><span class='avia_button_icon avia_button_icon_left' aria-hidden='true' data-av_icon='\ue82d' data-av_iconfont='entypo-fontello'><\/span><span class='avia_iconbox_title' >DOWNLOAD KMZ FILE<\/span><\/a><\/div><\/div><\/div><!--close column table wrapper. Autoclose: 1 -->\n\n<style type=\"text\/css\" data-created_by=\"avia_inline_auto\" id=\"style-css-av-uylu-b0a5ec58b9c4f7df24f7ffee311516e9\">\n.flex_column.av-uylu-b0a5ec58b9c4f7df24f7ffee311516e9{\n-webkit-border-radius:0px 0px 0px 0px;\n-moz-border-radius:0px 0px 0px 0px;\nborder-radius:0px 0px 0px 0px;\npadding:0px 0px 0px 0px;\n}\n<\/style>\n<div  class='flex_column av-uylu-b0a5ec58b9c4f7df24f7ffee311516e9 av_one_full  avia-builder-el-10  el_after_av_one_third  avia-builder-el-last  first flex_column_div av-zero-column-padding  column-top-margin'     ><section  class='av_textblock_section av-kxhcc6g7-a6d29315345cad218a9005d2e6bead6d '   itemscope=\"itemscope\" itemtype=\"https:\/\/schema.org\/CreativeWork\" ><div class='avia_textblock'  itemprop=\"text\" ><div style=\"text-align: left;\">Uluda\u011f Premium Ultra Trail, which has a length of 100 km and an elevation of 4620 m, consists of 60% hiking path, 30% single track and 10% asphalt road.<\/div>\n<p style=\"text-align: left;\" align=\"center\">The race which takes place in the most beautiful nature and landscapes of Uluda\u011f region, is a high technical course with a land structure above 2000 m. The race will start at 06:00 on Saturday, July 18. Start and finish points are in the hotels area and the maximum finishing time is 21 hours. Drop bag point is Saitabat; mid point time limit is 11 hours.<\/p>\n<p style=\"text-align: left;\"><b>IMPORTANT:<\/b>\u00a0Athletes at sea level may have negative effects on their performance when they reach high altitude. Although varying from person to person, respiratory rate may not change significantly up to 2000-2500. Fatigue, drowsiness, feeling of nausea, vomiting and loss of mental decision making may be encountered because of lacking of oxygen at high altitude.<\/p>\n<p style=\"text-align: left;\"><b>HEALTH CERTIFICATE:<\/b> For 100K track of Uluda\u011f Premium Ultra Trail race, a health certificate (valid until July 18, 2026) must be obtained.<\/p>\n<p style=\"text-align: left;\"><b>MANDATORY EQUIPMENT AND PREPERATION<\/b><\/p>\n<p style=\"text-align: left;\"><b>EQUIPMENT TEST AND PREPERATION:<\/b>\u00a0Selecting the appropriate equipment is a very important factor in the success of your race. Ultra durability requires extensive preparation to the race, including the choice of equipment you will take. The end of July in the Uluda\u011f region may be hot (more than 20\u00b0C), but with rain, hail or snow may be also very cold (below 0\u00b0C above 2000m). Your equipment must be suitable to withstand any condition and allow you to spend long hours on the racing course. In case of any incident, your equipment must ensure that you wait for help under safe conditions. All runners must have the equipment required by the organization to avoid the risk of penalties. It is very important to prepare your equipment according to the actual conditions and test it in your trainings before the race. Please do not be minimalist while considering weight as a concern. You can increase your chance of success and your performance through logical selection.<\/p>\n<p style=\"text-align: left;\"><b>EQUIPMENT:\u00a0<\/b>To ensure that safety and races are carried out well, each participant must have all of the following mandatory equipment. Weather conditions and long hours of races are the main factors that make equipment mandatory. Depending on the weather conditions, the organization may make changes on the mandatory equipment and notify the competitors. Each participant agrees to present the mandatory equipment determined by the organizers at the registration desk and to keep all with them during the event.<\/p>\n<p style=\"text-align: left;\"><b>MANDATORY EQUIPMENT<br \/>\n<\/b>1. Pack suitable for racing conditions,<br \/>\n2. Visibly placed front race number during the whole race,<br \/>\n3. Timing chip (given by the organization),<br \/>\n4. Mobile phone (smartphone strongly recommended \/ the runner must be reachable at any time before, during and after the race \/Store in its memory the organizations emergency numbers),<br \/>\n5. Powerbank (Minimum 6000 mah),<br \/>\n6. Personal beaker 15 cl minimum,<br \/>\n7. Supply of water of 1 liter minimum (Plastic bottles will not be accepted.),<br \/>\n8. Headlamp in good working order with spare cells (200 lumens or more recommended),<br \/>\n9. Survival blanket of 1.40m x 2m minimum,<br \/>\n10. Whistle,<br \/>\n11. Self adhesive e<span lang=\"EN-US\">lastic bandage <\/span> which can serve as a bandage or strapping (minimum 100 cm x 6 cm),<br \/>\n12. Food reserve (3-4 energy gels or similar sports foods are recommended for performance and urgent requirements.),<br \/>\n13. Jacket with hood which will withstand bad weather in the mountains and made with a waterproof* and breathable** membrane (Minimum recommended 10 000 Schmerber, Goretex),<br \/>\n14. Cap, hat or bandana,<br \/>\n15. Long-sleeved top layer (Minimum 180 g and\u00a0Cotton not recommended.),<br \/>\n16. Gloves,<br \/>\n17. ID \u2013 passport\/ID card.<\/p>\n<p style=\"text-align: left;\">*\u00a0 Those will be checked before distributing the race bib and at any point during the race and spot checks will be performed during the race. Participants without any of the mandatory items shall be disqualified and will not be allowed to continue the race.<\/p>\n<p style=\"text-align: left;\"><b>RECOMMENDED EQUIPMENT<br \/>\n<\/b>1. Sunglasses,<br \/>\n2. Sun cream,<br \/>\n3.Running poles,<br \/>\n4. Vaseline or similar creams,<br \/>\n5. A sum of money,<br \/>\n6. GPS watch,<br \/>\n7. Knife or scissors for cutting\u00a0<span lang=\"EN-US\">elastic bandage <\/span>,<br \/>\n8. Suitable trail-running shoes.<\/p>\n<p><b>CHECKPOINTS AND TIME LIMITS<br \/>\n<\/b><\/p>\n<p>There are 9 checkpoints along the UPUT100K.<\/p>\n<p>Passages from these points will be timed and various refreshments will be available. Each checkpoint has a time limit listed below. Participants who arrive at a checkpoint after the designated time limit will not be allowed to continue.<\/p>\n<p>Refreshments at each checkpoint are listed as below:<\/p>\n<div style=\"overflow-x: auto;\">\n<table width=\"101%\">\n<tbody>\n<tr>\n<td width=\"20%\"><strong>Station\/km\/Time limit<\/strong><\/td>\n<td width=\"29%\"><strong>Refreshments<\/strong><\/td>\n<td width=\"21%\"><strong>Drinks<\/strong><\/td>\n<td width=\"8%\"><strong>Hot Drinks<\/strong><\/td>\n<td width=\"10%\"><strong>Hot Meal<\/strong><\/td>\n<td width=\"10%\"><strong>Other<\/strong><\/td>\n<\/tr>\n<tr>\n<td width=\"20%\"><strong>CP1<\/strong> Kirazl\u0131yayla<\/p>\n<p>9,5 km<\/p>\n<p>02:00 hours<\/td>\n<td width=\"29%\">&#8211;<\/td>\n<td width=\"21%\">Water, Soda<\/td>\n<td width=\"8%\">&#8211;<\/td>\n<td width=\"10%\">&#8211;<\/td>\n<td width=\"10%\"><\/td>\n<\/tr>\n<tr>\n<td width=\"20%\"><strong>CP2<\/strong> \u00c7e\u015fme<\/p>\n<p>20 km<\/p>\n<p>04:00 hours<\/td>\n<td width=\"29%\">Lemon, Salt, Banana, Apple, Orange, Saltine crackers, Salted peanuts<\/td>\n<td width=\"21%\">Water, Soda, Lemonade, Coke<\/td>\n<td width=\"8%\">&#8211;<\/td>\n<td width=\"10%\">&#8211;<\/td>\n<td width=\"10%\"><\/td>\n<\/tr>\n<tr>\n<td width=\"20%\"><strong>CP3<\/strong> Zeyniler<\/p>\n<p>31,5 km<\/p>\n<p>07:00 hours<\/td>\n<td width=\"29%\">Olive, Tahini halva, Lemon, Salt, Banana, Watermelon, Apple, Orange, Saltine crackers, Homemade cookie and pastry<\/td>\n<td width=\"21%\">Water, Soda, Ayran<\/td>\n<td width=\"8%\">&#8211;<\/td>\n<td width=\"10%\">&#8211;<\/td>\n<td width=\"10%\"><\/td>\n<\/tr>\n<tr>\n<td width=\"20%\"><strong>CP4<\/strong> Cumal\u0131k\u0131z\u0131k<\/p>\n<p>43 km<\/p>\n<p>09:00 hours<\/td>\n<td width=\"29%\">Lemon, Salt, Banana, Apple, Orange, Saltine crackers, Salted peanuts<\/td>\n<td width=\"21%\">Water, Soda, Ayran, Lemonade, Coke<\/td>\n<td width=\"8%\">&#8211;<\/td>\n<td width=\"10%\">&#8211;<\/td>\n<td width=\"10%\"><\/td>\n<\/tr>\n<tr>\n<td width=\"20%\"><strong>CP5<\/strong> Saitabat<\/p>\n<p>55 km<\/p>\n<p>11:00 hours<\/td>\n<td width=\"29%\">Lemon, Salt, Banana, Watermelon, Melon, Apple, Orange, Bread, Boiled potatoes, Saltine crackers, Brownie, Salted peanuts, Cheese<\/td>\n<td width=\"21%\">Water, Soda, Ayran, Lemonade, Coke<\/td>\n<td width=\"8%\">Tea<\/td>\n<td width=\"10%\">Soup, Pasta<\/td>\n<td width=\"10%\"><\/td>\n<\/tr>\n<tr>\n<td width=\"20%\"><strong>CP6<\/strong> Ala\u00e7am<\/p>\n<p>70 km<\/p>\n<p>14:00 hours<\/td>\n<td width=\"29%\">Olive, Tahini Halva, Lemon, Salt, Banana, Apple, Orange, Saltine crackers, Salted peanuts, Cheese<\/td>\n<td width=\"21%\">Water, Soda, Ayran, Lemonade, Coke<\/td>\n<td width=\"8%\">Tea<\/td>\n<td width=\"10%\">Soup, Pasta<\/td>\n<td width=\"10%\"><\/td>\n<\/tr>\n<tr>\n<td width=\"20%\"><strong>CP7<\/strong> Buzul G\u00f6letler Sapa\u011f\u0131<\/p>\n<p>83 km<\/p>\n<p>18:00 hours<\/td>\n<td width=\"29%\">Lemon, Salt, Banana, Watermelon, Apple, Orange, Bread, Saltine crackers, Salted peanuts, Cheese<\/td>\n<td width=\"21%\">Water, Soda, Ayran<\/td>\n<td width=\"8%\">Tea<\/td>\n<td width=\"10%\">Soup<\/td>\n<td width=\"10%\"><\/td>\n<\/tr>\n<tr>\n<td width=\"20%\"><strong>CP8<\/strong> Buzul G\u00f6letler<\/p>\n<p>87 km<\/p>\n<p>&#8211;<\/td>\n<td width=\"29%\">Olive, Tahini Halva, Lemon, Salt, Banana, Watermelon, Apple, Orange, Bread, Saltine crackers, Salted peanuts, Cheese<\/td>\n<td width=\"21%\">Water, Soda, Ayran, Coke<\/td>\n<td width=\"8%\">Tea<\/td>\n<td width=\"10%\">Soup<\/td>\n<td width=\"10%\"><\/td>\n<\/tr>\n<tr>\n<td width=\"20%\"><strong>CP9<\/strong> K\u00fc\u00e7\u00fck Zirve<\/p>\n<p>92 km<\/p>\n<p>&#8211;<\/td>\n<td width=\"29%\">&#8211;<\/td>\n<td width=\"21%\">&#8211;<\/td>\n<td width=\"8%\">&#8211;<\/td>\n<td width=\"10%\">&#8211;<\/td>\n<td width=\"10%\"><\/td>\n<\/tr>\n<tr>\n<td width=\"20%\"><strong>FINISH<\/strong> 6000 Meydan<\/p>\n<p>97 km<\/p>\n<p>21:00 hours<\/td>\n<td colspan=\"5\" width=\"79%\"><strong>Finishers\u2019 Buffet<\/strong><\/td>\n<\/tr>\n<\/tbody>\n<\/table>\n<\/div>\n<\/div><\/section><br \/>\n<div  class='avia-buttonrow-wrap av-kxhcg7q1-b25061d2d47d48d7153d86b547ee94c9 avia-buttonrow-left  avia-builder-el-12  el_after_av_textblock  avia-builder-el-last '>\n\n<style type=\"text\/css\" data-created_by=\"avia_inline_auto\" id=\"style-css-av-kxhceddn-f64ea942cfb0994f789cbfa97a0d2001\">\n#top #wrap_all .avia-button.av-kxhceddn-f64ea942cfb0994f789cbfa97a0d2001{\nmargin-bottom:1px;\nmargin-right:1px;\n}\n<\/style>\n<a href='https:\/\/uludagultra.com\/en\/race-rules\/'  class='avia-button av-kxhceddn-f64ea942cfb0994f789cbfa97a0d2001 avia-icon_select-no avia-size-large avia-color-grey'  ><span class='avia_iconbox_title' >DETAILED INFORMATION<\/span><\/a>\n\n<style type=\"text\/css\" data-created_by=\"avia_inline_auto\" id=\"style-css-av-kxhcetco-32eb6f59484096e6097415450e921640\">\n#top #wrap_all .avia-button.av-kxhcetco-32eb6f59484096e6097415450e921640{\nmargin-bottom:1px;\nmargin-right:1px;\n}\n<\/style>\n<a href='https:\/\/apphurra.com\/etkinlikkayit\/983\/2' class='avia-button av-kxhcetco-32eb6f59484096e6097415450e921640 avia-icon_select-no avia-size-large avia-color-red' target=\"_blank\" rel=\"noopener noreferrer\"><span class='avia_iconbox_title' >REGISTER<\/span><\/a>\n<\/div><\/p><\/div>\n","protected":false},"excerpt":{"rendered":"","protected":false},"author":1,"featured_media":0,"parent":0,"menu_order":0,"comment_status":"closed","ping_status":"closed","template":"","meta":{"footnotes":""},"class_list":["post-647","page","type-page","status-publish","hentry"],"aioseo_notices":[],"_links":{"self":[{"href":"https:\/\/uludagultra.com\/en\/wp-json\/wp\/v2\/pages\/647","targetHints":{"allow":["GET"]}}],"collection":[{"href":"https:\/\/uludagultra.com\/en\/wp-json\/wp\/v2\/pages"}],"about":[{"href":"https:\/\/uludagultra.com\/en\/wp-json\/wp\/v2\/types\/page"}],"author":[{"embeddable":true,"href":"https:\/\/uludagultra.com\/en\/wp-json\/wp\/v2\/users\/1"}],"replies":[{"embeddable":true,"href":"https:\/\/uludagultra.com\/en\/wp-json\/wp\/v2\/comments?post=647"}],"version-history":[{"count":46,"href":"https:\/\/uludagultra.com\/en\/wp-json\/wp\/v2\/pages\/647\/revisions"}],"predecessor-version":[{"id":4577,"href":"https:\/\/uludagultra.com\/en\/wp-json\/wp\/v2\/pages\/647\/revisions\/4577"}],"wp:attachment":[{"href":"https:\/\/uludagultra.com\/en\/wp-json\/wp\/v2\/media?parent=647"}],"curies":[{"name":"wp","href":"https:\/\/api.w.org\/{rel}","templated":true}]}}