{"id":641,"date":"2021-12-30T22:12:52","date_gmt":"2021-12-30T19:12:52","guid":{"rendered":"https:\/\/maygrafikbodrum.com\/uludag\/"},"modified":"2025-10-14T00:35:00","modified_gmt":"2025-10-13T21:35:00","slug":"uludag","status":"publish","type":"page","link":"https:\/\/uludagultra.com\/en\/uludag\/","title":{"rendered":"ULUDA\u011e"},"content":{"rendered":"<div id='full_slider_1'  class='avia-fullwidth-slider main_color avia-shadow   avia-builder-el-0  el_before_av_section  avia-builder-el-first   container_wrap sidebar_right'  ><div  class='avia-slideshow av-m4ibawxp-96ade8cb942de43615167f103462892d avia-slideshow-featured av_slideshow_full avia-slide-slider av-slideshow-ui av-control-default av-slideshow-manual av-loop-once av-loop-manual-endless av-default-height-applied   avia-slideshow-1' data-slideshow-options=\"{&quot;animation&quot;:&quot;slide&quot;,&quot;autoplay&quot;:false,&quot;loop_autoplay&quot;:&quot;once&quot;,&quot;interval&quot;:5,&quot;loop_manual&quot;:&quot;manual-endless&quot;,&quot;autoplay_stopper&quot;:false,&quot;noNavigation&quot;:false,&quot;bg_slider&quot;:false,&quot;keep_padding&quot;:false,&quot;hoverpause&quot;:false,&quot;show_slide_delay&quot;:0}\"  itemprop=\"image\" itemscope=\"itemscope\" itemtype=\"https:\/\/schema.org\/ImageObject\" ><ul class='avia-slideshow-inner ' style='padding-bottom: 20%;'><li  class='avia-slideshow-slide av-m4ibawxp-96ade8cb942de43615167f103462892d__0  av-single-slide slide-1 slide-odd'><div data-rel='slideshow-1' class='avia-slide-wrap '   ><img decoding=\"async\" class=\"wp-image-4083 avia-img-lazy-loading-not-4083\"  src=\"https:\/\/uludagultra.com\/wp-content\/uploads\/2025\/10\/UPUT26_Slider_1500x300.jpg\" width=\"1500\" height=\"300\" title='UPUT26_Slider_1500x300' alt=''  itemprop=\"thumbnailUrl\" srcset=\"https:\/\/uludagultra.com\/wp-content\/uploads\/2025\/10\/UPUT26_Slider_1500x300.jpg 1500w, https:\/\/uludagultra.com\/wp-content\/uploads\/2025\/10\/UPUT26_Slider_1500x300-300x60.jpg 300w, https:\/\/uludagultra.com\/wp-content\/uploads\/2025\/10\/UPUT26_Slider_1500x300-1030x206.jpg 1030w, https:\/\/uludagultra.com\/wp-content\/uploads\/2025\/10\/UPUT26_Slider_1500x300-768x154.jpg 768w, https:\/\/uludagultra.com\/wp-content\/uploads\/2025\/10\/UPUT26_Slider_1500x300-705x141.jpg 705w\" sizes=\"(max-width: 1500px) 100vw, 1500px\" \/><\/div><\/li><\/ul><\/div><\/div>\n<div id='av_section_1'  class='avia-section av-w2yj-27de8f3e7327896ed089a523bb14e15b main_color avia-section-default avia-no-border-styling  avia-builder-el-1  el_after_av_slideshow_full  avia-builder-el-last  avia-bg-style-scroll container_wrap sidebar_right'  ><div class='container av-section-cont-open' ><div class='template-page content  av-content-small alpha units'><div class='post-entry post-entry-type-page post-entry-641'><div class='entry-content-wrapper clearfix'>\n<div class='flex_column_table av-kxhfjuua-bdf14533dfaf20189e02d03a230ed1e0 sc-av_one_half av-equal-height-column-flextable'>\n<style type=\"text\/css\" data-created_by=\"avia_inline_auto\" id=\"style-css-av-kxhfjuua-bdf14533dfaf20189e02d03a230ed1e0\">\n.flex_column.av-kxhfjuua-bdf14533dfaf20189e02d03a230ed1e0{\n-webkit-border-radius:0px 0px 0px 0px;\n-moz-border-radius:0px 0px 0px 0px;\nborder-radius:0px 0px 0px 0px;\npadding:20px 20px 20px 20px;\n}\n<\/style>\n<div  class='flex_column av-kxhfjuua-bdf14533dfaf20189e02d03a230ed1e0 av_one_half  avia-builder-el-2  el_before_av_one_half  avia-builder-el-first  first no_margin flex_column_table_cell av-equal-height-column av-align-middle  '     ><section  class='av_textblock_section av-34r3-afe197c3dd69f5c22d94289625a5350f '   itemscope=\"itemscope\" itemtype=\"https:\/\/schema.org\/CreativeWork\" ><div class='avia_textblock'  itemprop=\"text\" ><p style=\"text-align: left;\">Bursa is one of the historical cities in Turkey, surrounded by natural beauties. Uluda\u011f is the highest mountain of the Marmara Region, which is 2543 meters high. This unique mountain is one of the most spectacular natural wonders of Bursa.<\/p>\n<p style=\"text-align: left;\">Uludag, Turkey\u2019s largest sports center, attracts sports lovers with its magnificent natural landscapes, the suitability of transportation and road conditions.<\/p>\n<p style=\"text-align: left;\">Runners will experience natural and local beauties of Uluda\u011f. Zeyniler Village, Cumal\u0131k\u0131z\u0131k Village, K\u00fcrekli Waterfall, Saitabat Waterfall, Ice Lakes, Softabo\u011fan Waterfall, Bakacak, Kurba\u011fakaya and Sar\u0131alan are just some of the best points on 70K, 42K, 30K, 16K and 6K courses.<\/p>\n<\/div><\/section><\/div>\n<style type=\"text\/css\" data-created_by=\"avia_inline_auto\" id=\"style-css-av-kxhfkjtm-0abf242344f62694297beeaa783a2150\">\n.flex_column.av-kxhfkjtm-0abf242344f62694297beeaa783a2150{\n-webkit-border-radius:0px 0px 0px 0px;\n-moz-border-radius:0px 0px 0px 0px;\nborder-radius:0px 0px 0px 0px;\npadding:0px 0px 0px 0px;\n}\n<\/style>\n<div  class='flex_column av-kxhfkjtm-0abf242344f62694297beeaa783a2150 av_one_half  avia-builder-el-4  el_after_av_one_half  avia-builder-el-last  no_margin flex_column_table_cell av-equal-height-column av-align-middle av-animated-generic bottom-to-top av-zero-column-padding  '     ><style type=\"text\/css\" data-created_by=\"avia_inline_auto\" id=\"style-css-av-kxhfkrwr-d6c04c5884434606147570e2e5e4a278\">\n.avia-image-container.av-kxhfkrwr-d6c04c5884434606147570e2e5e4a278 img.avia_image{\nbox-shadow:none;\n}\n.avia-image-container.av-kxhfkrwr-d6c04c5884434606147570e2e5e4a278 .av-image-caption-overlay-center{\ncolor:#ffffff;\n}\n<\/style>\n<div  class='avia-image-container av-kxhfkrwr-d6c04c5884434606147570e2e5e4a278 av-styling- avia-align-center  avia-builder-el-5  avia-builder-el-no-sibling '   itemprop=\"image\" itemscope=\"itemscope\" itemtype=\"https:\/\/schema.org\/ImageObject\" ><div class=\"avia-image-container-inner\"><div class=\"avia-image-overlay-wrap\"><img decoding=\"async\" class='wp-image-533 avia-img-lazy-loading-not-533 avia_image ' src=\"https:\/\/uludagultra.com\/wp-content\/uploads\/2021\/12\/uludag.jpeg\" alt='' title='uludag'  height=\"667\" width=\"1000\"  itemprop=\"thumbnailUrl\" srcset=\"https:\/\/uludagultra.com\/wp-content\/uploads\/2021\/12\/uludag.jpeg 1000w, https:\/\/uludagultra.com\/wp-content\/uploads\/2021\/12\/uludag-300x200.jpeg 300w, https:\/\/uludagultra.com\/wp-content\/uploads\/2021\/12\/uludag-768x512.jpeg 768w, https:\/\/uludagultra.com\/wp-content\/uploads\/2021\/12\/uludag-705x470.jpeg 705w\" sizes=\"(max-width: 1000px) 100vw, 1000px\" \/><\/div><\/div><\/div><\/div><\/div><!--close column table wrapper. Autoclose: 1 --><\/div><\/div><\/div><!-- close content main div --><\/div><\/div><div id='after_section_1'  class='main_color av_default_container_wrap container_wrap sidebar_right'  ><div class='container av-section-cont-open' ><div class='template-page content  av-content-small alpha units'><div class='post-entry post-entry-type-page post-entry-641'><div class='entry-content-wrapper clearfix'>\n","protected":false},"excerpt":{"rendered":"","protected":false},"author":1,"featured_media":0,"parent":0,"menu_order":0,"comment_status":"closed","ping_status":"closed","template":"","meta":{"footnotes":""},"class_list":["post-641","page","type-page","status-publish","hentry"],"aioseo_notices":[],"_links":{"self":[{"href":"https:\/\/uludagultra.com\/en\/wp-json\/wp\/v2\/pages\/641","targetHints":{"allow":["GET"]}}],"collection":[{"href":"https:\/\/uludagultra.com\/en\/wp-json\/wp\/v2\/pages"}],"about":[{"href":"https:\/\/uludagultra.com\/en\/wp-json\/wp\/v2\/types\/page"}],"author":[{"embeddable":true,"href":"https:\/\/uludagultra.com\/en\/wp-json\/wp\/v2\/users\/1"}],"replies":[{"embeddable":true,"href":"https:\/\/uludagultra.com\/en\/wp-json\/wp\/v2\/comments?post=641"}],"version-history":[{"count":10,"href":"https:\/\/uludagultra.com\/en\/wp-json\/wp\/v2\/pages\/641\/revisions"}],"predecessor-version":[{"id":4232,"href":"https:\/\/uludagultra.com\/en\/wp-json\/wp\/v2\/pages\/641\/revisions\/4232"}],"wp:attachment":[{"href":"https:\/\/uludagultra.com\/en\/wp-json\/wp\/v2\/media?parent=641"}],"curies":[{"name":"wp","href":"https:\/\/api.w.org\/{rel}","templated":true}]}}