{"id":3518,"date":"2024-12-17T19:17:29","date_gmt":"2024-12-17T16:17:29","guid":{"rendered":"https:\/\/uludagultra.com\/?page_id=3518"},"modified":"2025-10-13T23:21:31","modified_gmt":"2025-10-13T20:21:31","slug":"run-for-aid","status":"publish","type":"page","link":"https:\/\/uludagultra.com\/en\/run-for-aid\/","title":{"rendered":"RUN FOR AID"},"content":{"rendered":"<div id='full_slider_1'  class='avia-fullwidth-slider main_color avia-shadow   avia-builder-el-0  el_before_av_video  avia-builder-el-first   container_wrap sidebar_right'  ><div  class='avia-slideshow av-mgpkwh6r-ff69a6803e5992d1ace763692a4a93dc avia-slideshow-featured av_slideshow_full avia-slide-slider av-slideshow-ui av-control-default av-slideshow-manual av-loop-once av-loop-manual-endless av-default-height-applied   avia-slideshow-1' data-slideshow-options=\"{&quot;animation&quot;:&quot;slide&quot;,&quot;autoplay&quot;:false,&quot;loop_autoplay&quot;:&quot;once&quot;,&quot;interval&quot;:5,&quot;loop_manual&quot;:&quot;manual-endless&quot;,&quot;autoplay_stopper&quot;:false,&quot;noNavigation&quot;:false,&quot;bg_slider&quot;:false,&quot;keep_padding&quot;:false,&quot;hoverpause&quot;:false,&quot;show_slide_delay&quot;:0}\"  itemprop=\"image\" itemscope=\"itemscope\" itemtype=\"https:\/\/schema.org\/ImageObject\" ><ul class='avia-slideshow-inner ' style='padding-bottom: 20%;'><li  class='avia-slideshow-slide av-mgpkwh6r-ff69a6803e5992d1ace763692a4a93dc__0  av-single-slide slide-1 slide-odd'><div data-rel='slideshow-1' class='avia-slide-wrap '   ><img decoding=\"async\" class=\"wp-image-4083 avia-img-lazy-loading-not-4083\"  src=\"https:\/\/uludagultra.com\/wp-content\/uploads\/2025\/10\/UPUT26_Slider_1500x300.jpg\" width=\"1500\" height=\"300\" title='UPUT26_Slider_1500x300' alt=''  itemprop=\"thumbnailUrl\" srcset=\"https:\/\/uludagultra.com\/wp-content\/uploads\/2025\/10\/UPUT26_Slider_1500x300.jpg 1500w, https:\/\/uludagultra.com\/wp-content\/uploads\/2025\/10\/UPUT26_Slider_1500x300-300x60.jpg 300w, https:\/\/uludagultra.com\/wp-content\/uploads\/2025\/10\/UPUT26_Slider_1500x300-1030x206.jpg 1030w, https:\/\/uludagultra.com\/wp-content\/uploads\/2025\/10\/UPUT26_Slider_1500x300-768x154.jpg 768w, https:\/\/uludagultra.com\/wp-content\/uploads\/2025\/10\/UPUT26_Slider_1500x300-705x141.jpg 705w\" sizes=\"(max-width: 1500px) 100vw, 1500px\" \/><\/div><\/li><\/ul><\/div><\/div><div id='after_full_slider_1'  class='main_color av_default_container_wrap container_wrap sidebar_right'  ><div class='container av-section-cont-open' ><div class='template-page content  av-content-small alpha units'><div class='post-entry post-entry-type-page post-entry-3518'><div class='entry-content-wrapper clearfix'>\n<div  class='avia-video av-m4sofseu-57d8e3d976718329f1ce5c06d97944ac avia-video-16-9 av-no-preview-image avia-video-load-always av-lazyload-immediate av-lazyload-video-embed'  itemprop=\"video\" itemtype=\"https:\/\/schema.org\/VideoObject\"  data-original_url='https:\/\/youtu.be\/LaUJNTuGbvc?si=n9ETGhosK5Uib_Pp'><script type='text\/html' class='av-video-tmpl'><div class='avia-iframe-wrap'><iframe loading=\"lazy\" title=\"Yard\u0131mseverlik Ko\u015fusu Nas\u0131l yap\u0131l\u0131r? \/ How to Start Running for Charities?\" width=\"1500\" height=\"844\" src=\"https:\/\/www.youtube.com\/embed\/LaUJNTuGbvc?feature=oembed&autoplay=0&loop=0&controls=1&mute=0\" frameborder=\"0\" allow=\"accelerometer; autoplay; clipboard-write; encrypted-media; gyroscope; picture-in-picture; web-share\" referrerpolicy=\"strict-origin-when-cross-origin\" allowfullscreen><\/iframe><\/div><\/script><div class='av-click-to-play-overlay'><div class=\"avia_playpause_icon\"><\/div><\/div><\/div>\n<section  class='av_textblock_section av-m4soj2if-15f2d14af586dbd5a1dafc6ff76641ff '   itemscope=\"itemscope\" itemtype=\"https:\/\/schema.org\/CreativeWork\" ><div class='avia_textblock'  itemprop=\"text\" ><p><strong>RUN FOR AID !<\/strong><\/p>\n<p>Uluda\u011f Premium Ultra Trail is among the races that organize charity run under Ad\u0131m Ad\u0131m.<\/p>\n<p>Charity run is a successful resource development method used to support non-governmental organizations (NGOs) around the world. Since March 2008, volunteer runners have been pursuing \u0130yilik Pe\u015finde Ko\u015f (Run for Aid) for projects belonging to more than 100 non-governmental organizations participating in \u0130yilik Pe\u015finde Ko\u015f(Run for Aid) platform, developed and managed by Ad\u0131m Ad\u0131m, and so far, they have mediated the collection of donations from 800 thousand contributors, with the total amount of TL 91.7 million.<\/p>\n<p>A pioneer in transparency and accountability, Ad\u0131m Ad\u0131m, has achieved a first in Turkey with the IPK (Run for Aid) platform \u2013 where all donations can be instantly tracked.<\/p>\n<p>A charity run doesn&#8217;t just mean donations. You can also announce to your social environment a goal that warms your heart, that you want to solve, that you want to draw attention to. This also means that you are taking on a kind of ambassador role for the NGO that you are running for charity. In short, as well as donation, you provide awareness and contribute to the solution for the problem.<\/p>\n<p>As of April 2021, the number of volunteer runners registered in Ad\u0131m Ad\u0131m has exceeded 96 thousand people!<\/p>\n<p>If you want to Run for Aid at Uluda\u011f Premium Ultra Trail, you can visit <span style=\"color: #0000ff;\">ipk.adimadim.org<\/span>. If you have any questions, you can send an e-mail to <span style=\"color: #0000ff;\">iyilikpesindekos@adimadim.org<\/span>.<\/p>\n<\/div><\/section>\n<div  class='avia-video av-m4sog7sl-83002eb70f63284cebbf97482ad7d6a0 avia-video-16-9 av-no-preview-image avia-video-load-always av-lazyload-immediate av-lazyload-video-embed'  itemprop=\"video\" itemtype=\"https:\/\/schema.org\/VideoObject\"  data-original_url='https:\/\/youtu.be\/BCi140etk1s?si=fg9E8BlGnNJjKpnB'><script type='text\/html' class='av-video-tmpl'><div class='avia-iframe-wrap'><iframe loading=\"lazy\" title=\"K\u0131saca Ad\u0131m Ad\u0131m ve Yard\u0131mseverlik Ko\u015fusu\" width=\"1500\" height=\"844\" src=\"https:\/\/www.youtube.com\/embed\/BCi140etk1s?feature=oembed&autoplay=0&loop=0&controls=1&mute=0\" frameborder=\"0\" allow=\"accelerometer; autoplay; clipboard-write; encrypted-media; gyroscope; picture-in-picture; web-share\" referrerpolicy=\"strict-origin-when-cross-origin\" allowfullscreen><\/iframe><\/div><\/script><div class='av-click-to-play-overlay'><div class=\"avia_playpause_icon\"><\/div><\/div><\/div>\n","protected":false},"excerpt":{"rendered":"","protected":false},"author":1,"featured_media":0,"parent":0,"menu_order":0,"comment_status":"closed","ping_status":"closed","template":"","meta":{"footnotes":""},"class_list":["post-3518","page","type-page","status-publish","hentry"],"aioseo_notices":[],"_links":{"self":[{"href":"https:\/\/uludagultra.com\/en\/wp-json\/wp\/v2\/pages\/3518","targetHints":{"allow":["GET"]}}],"collection":[{"href":"https:\/\/uludagultra.com\/en\/wp-json\/wp\/v2\/pages"}],"about":[{"href":"https:\/\/uludagultra.com\/en\/wp-json\/wp\/v2\/types\/page"}],"author":[{"embeddable":true,"href":"https:\/\/uludagultra.com\/en\/wp-json\/wp\/v2\/users\/1"}],"replies":[{"embeddable":true,"href":"https:\/\/uludagultra.com\/en\/wp-json\/wp\/v2\/comments?post=3518"}],"version-history":[{"count":7,"href":"https:\/\/uludagultra.com\/en\/wp-json\/wp\/v2\/pages\/3518\/revisions"}],"predecessor-version":[{"id":4171,"href":"https:\/\/uludagultra.com\/en\/wp-json\/wp\/v2\/pages\/3518\/revisions\/4171"}],"wp:attachment":[{"href":"https:\/\/uludagultra.com\/en\/wp-json\/wp\/v2\/media?parent=3518"}],"curies":[{"name":"wp","href":"https:\/\/api.w.org\/{rel}","templated":true}]}}